{"id":999,"date":"2024-12-17T14:09:44","date_gmt":"2024-12-17T13:09:44","guid":{"rendered":"https:\/\/copla.io\/blog\/"},"modified":"2025-03-27T13:13:52","modified_gmt":"2025-03-27T12:13:52","slug":"blog","status":"publish","type":"page","link":"https:\/\/copla.io\/en\/blog\/","title":{"rendered":"Blog"},"content":{"rendered":"<p>[et_pb_section fb_built=&#8221;1&#8243; module_class=&#8221;seccion-tabs-filtrables migas-pan-90&#8243; _builder_version=&#8221;4.25.1&#8243; _module_preset=&#8221;default&#8221; background_color=&#8221;#e7eef5&#8243; background_image=&#8221;https:\/\/copla.io\/wp-content\/uploads\/2024\/05\/fondo-copla.png&#8221; hover_enabled=&#8221;0&#8243; global_colors_info=&#8221;{}&#8221; sticky_enabled=&#8221;0&#8243;][et_pb_row module_class=&#8221;inline-buttons seccion1 &#8221; _builder_version=&#8221;4.25.1&#8243; _module_preset=&#8221;default&#8221; background_image=&#8221;https:\/\/copla.io\/wp-content\/uploads\/2024\/11\/Isolation_Mode.png&#8221; background_size=&#8221;initial&#8221; background_position=&#8221;top_left&#8221; width=&#8221;90%&#8221; max_width=&#8221;2560px&#8221; custom_css_main_element=&#8221;display:flex;||align-items:center;&#8221; global_colors_info=&#8221;{}&#8221; theme_builder_area=&#8221;post_content&#8221;][et_pb_column type=&#8221;4_4&#8243; _builder_version=&#8221;4.25.1&#8243; _module_preset=&#8221;default&#8221; global_colors_info=&#8221;{}&#8221; theme_builder_area=&#8221;post_content&#8221;][et_pb_text _builder_version=&#8221;4.25.1&#8243; _module_preset=&#8221;default&#8221; text_font=&#8221;Archivo|700|||||||&#8221; text_text_color=&#8221;#000000&#8243; text_font_size=&#8221;50px&#8221; text_line_height=&#8221;60px&#8221; custom_margin=&#8221;|||40px|false|false&#8221; hover_enabled=&#8221;0&#8243; text_font_size_tablet=&#8221;50px&#8221; text_font_size_phone=&#8221;34px&#8221; text_font_size_last_edited=&#8221;on|phone&#8221; global_colors_info=&#8221;{}&#8221; theme_builder_area=&#8221;post_content&#8221; sticky_enabled=&#8221;0&#8243;]<span style=\"border-bottom: 10px solid #3A65D3;\">Blog<\/span>[\/et_pb_text][\/et_pb_column][\/et_pb_row][et_pb_row _builder_version=&#8221;4.27.3&#8243; _module_preset=&#8221;default&#8221; global_colors_info=&#8221;{}&#8221;][et_pb_column type=&#8221;4_4&#8243; _builder_version=&#8221;4.27.3&#8243; _module_preset=&#8221;default&#8221; global_colors_info=&#8221;{}&#8221;][et_pb_code _builder_version=&#8221;4.27.3&#8243; _module_preset=&#8221;default&#8221; global_colors_info=&#8221;{}&#8221;]<\/p>\n<ul class=\"ov-tabs-filters\"><!-- [et_pb_line_break_holder] -->    <\/p>\n<li class=\"ov-tab-filter active\" data-filter=\"all\">Todos<\/li>\n<p><!-- [et_pb_line_break_holder] --><\/ul>\n<p><!-- [et_pb_line_break_holder] -->[\/et_pb_code][et_pb_code admin_label=&#8221;C\u00d3DIGO PARA FILTRAR (css en global de p\u00e1gina)&#8221; _builder_version=&#8221;4.27.3&#8243; _module_preset=&#8221;default&#8221; global_colors_info=&#8221;{}&#8221;]<script><!-- [et_pb_line_break_holder] -->document.addEventListener('DOMContentLoaded', function () {<!-- [et_pb_line_break_holder] -->    const tabsContainer = document.querySelector('.ov-tabs-filters');<!-- [et_pb_line_break_holder] -->    const blogPosts = document.querySelectorAll('.et_pb_post');<!-- [et_pb_line_break_holder] --><!-- [et_pb_line_break_holder] -->    if (!tabsContainer || blogPosts.length === 0) {<!-- [et_pb_line_break_holder] -->        console.warn('No se encontraron elementos necesarios para inicializar el filtro.');<!-- [et_pb_line_break_holder] -->        return;<!-- [et_pb_line_break_holder] -->    }<!-- [et_pb_line_break_holder] --><!-- [et_pb_line_break_holder] -->    console.log('Entradas de blog encontradas:', blogPosts);<!-- [et_pb_line_break_holder] --><!-- [et_pb_line_break_holder] -->    \/\/ Crear un Set para almacenar categor\u00edas \u00fanicas<!-- [et_pb_line_break_holder] -->    const categories = new Set();<!-- [et_pb_line_break_holder] --><!-- [et_pb_line_break_holder] -->    \/\/ Obtener categor\u00edas de cada publicaci\u00f3n desde el atributo class<!-- [et_pb_line_break_holder] -->    blogPosts.forEach((post, index) => {<!-- [et_pb_line_break_holder] -->        const classList = post.className.split(' '); \/\/ Obtener todas las clases del elemento<!-- [et_pb_line_break_holder] -->        const categoryClass = classList.find(c => c.startsWith('category-')); \/\/ Buscar la clase que comienza con \"category-\"<!-- [et_pb_line_break_holder] -->        if (categoryClass) {<!-- [et_pb_line_break_holder] -->            const category = categoryClass.replace('category-', '').toLowerCase(); \/\/ Eliminar \"category-\" y pasar a min\u00fasculas<!-- [et_pb_line_break_holder] -->            categories.add(category); \/\/ A\u00f1adir la categor\u00eda al Set<!-- [et_pb_line_break_holder] -->            console.log(`Categor\u00eda encontrada en el post ${index + 1}: ${category}`);<!-- [et_pb_line_break_holder] -->        } else {<!-- [et_pb_line_break_holder] -->            console.warn(`No se encontr\u00f3 categor\u00eda en el post ${index + 1}`);<!-- [et_pb_line_break_holder] -->        }<!-- [et_pb_line_break_holder] -->    });<!-- [et_pb_line_break_holder] --><!-- [et_pb_line_break_holder] -->    console.log('Categor\u00edas recopiladas:', Array.from(categories));<!-- [et_pb_line_break_holder] --><!-- [et_pb_line_break_holder] -->    \/\/ Generar tabs din\u00e1micamente sin duplicados<!-- [et_pb_line_break_holder] -->    categories.forEach(category => {<!-- [et_pb_line_break_holder] -->        const tab = document.createElement('li');<!-- [et_pb_line_break_holder] -->        tab.classList.add('ov-tab-filter');<!-- [et_pb_line_break_holder] -->        tab.setAttribute('data-filter', category); \/\/ Usamos el valor en min\u00fasculas<!-- [et_pb_line_break_holder] -->        tab.textContent = category.charAt(0).toUpperCase() + category.slice(1); \/\/ Primera letra may\u00fascula<!-- [et_pb_line_break_holder] -->        tabsContainer.appendChild(tab);<!-- [et_pb_line_break_holder] -->    });<!-- [et_pb_line_break_holder] --><!-- [et_pb_line_break_holder] -->    console.log('Tabs generadas correctamente.');<!-- [et_pb_line_break_holder] --><!-- [et_pb_line_break_holder] -->    \/\/ Agregar funcionalidad de filtrado<!-- [et_pb_line_break_holder] -->    setupFilter(blogPosts);<!-- [et_pb_line_break_holder] -->});<!-- [et_pb_line_break_holder] --><!-- [et_pb_line_break_holder] -->function setupFilter(blogPosts) {<!-- [et_pb_line_break_holder] -->    const tabs = document.querySelectorAll('.ov-tab-filter');<!-- [et_pb_line_break_holder] --><!-- [et_pb_line_break_holder] -->    tabs.forEach(tab => {<!-- [et_pb_line_break_holder] -->        tab.addEventListener('click', () => {<!-- [et_pb_line_break_holder] -->            const filter = tab.getAttribute('data-filter');<!-- [et_pb_line_break_holder] --><!-- [et_pb_line_break_holder] -->            console.log('Filtro seleccionado:', filter);<!-- [et_pb_line_break_holder] --><!-- [et_pb_line_break_holder] -->            \/\/ Actualiza la clase 'active' en los tabs<!-- [et_pb_line_break_holder] -->            tabs.forEach(tab => tab.classList.remove('active'));<!-- [et_pb_line_break_holder] -->            tab.classList.add('active');<!-- [et_pb_line_break_holder] --><!-- [et_pb_line_break_holder] -->            \/\/ Aplicar el filtro<!-- [et_pb_line_break_holder] -->            blogPosts.forEach(post => {<!-- [et_pb_line_break_holder] -->                const classList = post.className.split(' '); \/\/ Obtener todas las clases del post<!-- [et_pb_line_break_holder] -->                const categoryClass = classList.find(c => c.startsWith('category-')); \/\/ Buscar la clase de categor\u00eda<!-- [et_pb_line_break_holder] -->                const category = categoryClass ? categoryClass.replace('category-', '').toLowerCase() : null;<!-- [et_pb_line_break_holder] --><!-- [et_pb_line_break_holder] -->                if (filter === 'all' || (category && category === filter)) {<!-- [et_pb_line_break_holder] -->                    post.style.display = 'block'; \/\/ Mostrar el post<!-- [et_pb_line_break_holder] -->                } else {<!-- [et_pb_line_break_holder] -->                    post.style.display = 'none'; \/\/ Ocultar el post<!-- [et_pb_line_break_holder] -->                }<!-- [et_pb_line_break_holder] -->            });<!-- [et_pb_line_break_holder] -->        });<!-- [et_pb_line_break_holder] -->    });<!-- [et_pb_line_break_holder] -->}<!-- [et_pb_line_break_holder] --><\/script><!-- [et_pb_line_break_holder] -->[\/et_pb_code][et_pb_code admin_label=&#8221;CSS PARA ESTILO BLOG&#8221; _builder_version=&#8221;4.27.3&#8243; _module_preset=&#8221;default&#8221; global_colors_info=&#8221;{}&#8221;]<script><!-- [et_pb_line_break_holder] -->  document.addEventListener(\"DOMContentLoaded\", function () {<!-- [et_pb_line_break_holder] -->    \/\/ Agregar estilos directamente desde JavaScript<!-- [et_pb_line_break_holder] -->    const style = `<!-- [et_pb_line_break_holder] -->      .et_pb_post {<!-- [et_pb_line_break_holder] -->          position: relative;<!-- [et_pb_line_break_holder] -->          overflow: hidden;<!-- [et_pb_line_break_holder] -->          border-radius: 12px;<!-- [et_pb_line_break_holder] -->          height: 400px; \/* Ajusta la altura seg\u00fan tus necesidades *\/<!-- [et_pb_line_break_holder] -->          box-shadow: 0 4px 8px rgba(0, 0, 0, 0.1);<!-- [et_pb_line_break_holder] -->          transition: transform 0.3s ease, box-shadow 0.3s ease;<!-- [et_pb_line_break_holder] -->          background-size: cover; \/* Ajusta el tama\u00f1o de la imagen de fondo *\/<!-- [et_pb_line_break_holder] -->          background-position: center; \/* Centra la imagen de fondo *\/<!-- [et_pb_line_break_holder] -->          background-repeat: no-repeat; \/* Evita repeticiones de la imagen *\/<!-- [et_pb_line_break_holder] -->      }<!-- [et_pb_line_break_holder] --><!-- [et_pb_line_break_holder] -->      .et_pb_post:hover {<!-- [et_pb_line_break_holder] -->          transform: translateY(-6px);<!-- [et_pb_line_break_holder] -->          box-shadow: 0 8px 16px rgba(0, 0, 0, 0.15);<!-- [et_pb_line_break_holder] -->      }<!-- [et_pb_line_break_holder] --><!-- [et_pb_line_break_holder] -->      .et_pb_post .et_pb_image_container {<!-- [et_pb_line_break_holder] -->          display: none; \/* Oculta el contenedor de la imagen para usarlo como fondo *\/<!-- [et_pb_line_break_holder] -->      }<!-- [et_pb_line_break_holder] --><!-- [et_pb_line_break_holder] -->      .et_pb_post .category-badge {<!-- [et_pb_line_break_holder] -->          position: absolute;<!-- [et_pb_line_break_holder] -->          top: 15px;<!-- [et_pb_line_break_holder] -->          left: 15px;<!-- [et_pb_line_break_holder] -->          background-color: rgba(0, 0, 0, 0.7);<!-- [et_pb_line_break_holder] -->          color: #ffffff;<!-- [et_pb_line_break_holder] -->          font-size: 0.75rem;<!-- [et_pb_line_break_holder] -->          font-weight: bold;<!-- [et_pb_line_break_holder] -->          padding: 5px 10px;<!-- [et_pb_line_break_holder] -->          border-radius: 20px;<!-- [et_pb_line_break_holder] -->          z-index: 2;<!-- [et_pb_line_break_holder] -->      }<!-- [et_pb_line_break_holder] --><!-- [et_pb_line_break_holder] -->      .et_pb_post .post-content {<!-- [et_pb_line_break_holder] -->          position: absolute;<!-- [et_pb_line_break_holder] -->          bottom: 0;<!-- [et_pb_line_break_holder] -->          left: 0;<!-- [et_pb_line_break_holder] -->          right: 0;<!-- [et_pb_line_break_holder] -->          z-index: 2;<!-- [et_pb_line_break_holder] -->          background: rgba(255, 255, 255, 0.9);<!-- [et_pb_line_break_holder] -->          padding: 15px;<!-- [et_pb_line_break_holder] -->          text-align: left;<!-- [et_pb_line_break_holder] -->          border-top-left-radius: 12px;<!-- [et_pb_line_break_holder] -->          border-top-right-radius: 12px;<!-- [et_pb_line_break_holder] -->      }<!-- [et_pb_line_break_holder] --><!-- [et_pb_line_break_holder] -->      .et_pb_post .entry-title {<!-- [et_pb_line_break_holder] -->          font-size: 1.2rem;<!-- [et_pb_line_break_holder] -->          font-weight: bold;<!-- [et_pb_line_break_holder] -->          margin: 0 0 5px;<!-- [et_pb_line_break_holder] -->          color: #333;<!-- [et_pb_line_break_holder] -->      }<!-- [et_pb_line_break_holder] --><!-- [et_pb_line_break_holder] -->      .et_pb_post .entry-title a {<!-- [et_pb_line_break_holder] -->          text-decoration: none;<!-- [et_pb_line_break_holder] -->          color: inherit;<!-- [et_pb_line_break_holder] -->          transition: color 0.3s ease;<!-- [et_pb_line_break_holder] -->      }<!-- [et_pb_line_break_holder] --><!-- [et_pb_line_break_holder] -->      .et_pb_post .entry-title a:hover {<!-- [et_pb_line_break_holder] -->          color: #ff5733;<!-- [et_pb_line_break_holder] -->      }<!-- [et_pb_line_break_holder] --><!-- [et_pb_line_break_holder] -->      .et_pb_post .post-meta {<!-- [et_pb_line_break_holder] -->          font-size: 0.85rem;<!-- [et_pb_line_break_holder] -->          color: #555;<!-- [et_pb_line_break_holder] -->      }<!-- [et_pb_line_break_holder] --><!-- [et_pb_line_break_holder] -->      .et_pb_post .post-meta a {<!-- [et_pb_line_break_holder] -->          color: #ff5733;<!-- [et_pb_line_break_holder] -->          text-decoration: none;<!-- [et_pb_line_break_holder] -->      }<!-- [et_pb_line_break_holder] --><!-- [et_pb_line_break_holder] -->      .et_pb_post .post-meta a:hover {<!-- [et_pb_line_break_holder] -->          text-decoration: underline;<!-- [et_pb_line_break_holder] -->      }<!-- [et_pb_line_break_holder] -->    `;<!-- [et_pb_line_break_holder] --><!-- [et_pb_line_break_holder] -->    \/\/ Insertar el CSS en el head<!-- [et_pb_line_break_holder] -->    const styleTag = document.createElement(\"style\");<!-- [et_pb_line_break_holder] -->    styleTag.textContent = style;<!-- [et_pb_line_break_holder] -->    document.head.appendChild(styleTag);<!-- [et_pb_line_break_holder] --><!-- [et_pb_line_break_holder] -->    \/\/ Script para establecer la imagen como fondo<!-- [et_pb_line_break_holder] -->    const posts = document.querySelectorAll(\".et_pb_post\");<!-- [et_pb_line_break_holder] --><!-- [et_pb_line_break_holder] -->    posts.forEach((post) => {<!-- [et_pb_line_break_holder] -->      const imageContainer = post.querySelector(\".et_pb_image_container img\");<!-- [et_pb_line_break_holder] -->      if (imageContainer) {<!-- [et_pb_line_break_holder] -->        const imageUrl = imageContainer.src; \/\/ Obtener la URL de la imagen<!-- [et_pb_line_break_holder] -->        post.style.backgroundImage = `url(${imageUrl})`; \/\/ Establecer como fondo<!-- [et_pb_line_break_holder] -->      }<!-- [et_pb_line_break_holder] --><!-- [et_pb_line_break_holder] -->      \/\/ Crear el badge si no existe<!-- [et_pb_line_break_holder] -->      const categoryLink = post.querySelector(\".post-meta a\");<!-- [et_pb_line_break_holder] -->      if (categoryLink) {<!-- [et_pb_line_break_holder] -->        const categoryName = categoryLink.textContent;<!-- [et_pb_line_break_holder] --><!-- [et_pb_line_break_holder] -->        if (!post.querySelector(\".category-badge\")) {<!-- [et_pb_line_break_holder] -->          const badge = document.createElement(\"div\");<!-- [et_pb_line_break_holder] -->          badge.className = \"category-badge\";<!-- [et_pb_line_break_holder] -->          badge.textContent = categoryName;<!-- [et_pb_line_break_holder] -->          post.appendChild(badge);<!-- [et_pb_line_break_holder] -->        }<!-- [et_pb_line_break_holder] --><!-- [et_pb_line_break_holder] -->        \/\/ Eliminar la categor\u00eda del contenido inferior<!-- [et_pb_line_break_holder] -->        categoryLink.remove();<!-- [et_pb_line_break_holder] -->      }<!-- [et_pb_line_break_holder] --><!-- [et_pb_line_break_holder] -->      \/\/ Reorganizar el contenido (mover t\u00edtulo y fecha al fondo)<!-- [et_pb_line_break_holder] -->      const content = document.createElement(\"div\");<!-- [et_pb_line_break_holder] -->      content.className = \"post-content\";<!-- [et_pb_line_break_holder] --><!-- [et_pb_line_break_holder] -->      const title = post.querySelector(\".entry-title\");<!-- [et_pb_line_break_holder] -->      const meta = post.querySelector(\".post-meta\");<!-- [et_pb_line_break_holder] --><!-- [et_pb_line_break_holder] -->      if (title) content.appendChild(title);<!-- [et_pb_line_break_holder] -->      if (meta) content.appendChild(meta);<!-- [et_pb_line_break_holder] --><!-- [et_pb_line_break_holder] -->      \/\/ A\u00f1adir el contenido reorganizado al final del post<!-- [et_pb_line_break_holder] -->      post.appendChild(content);<!-- [et_pb_line_break_holder] -->    });<!-- [et_pb_line_break_holder] -->  });<!-- [et_pb_line_break_holder] --><\/script><!-- [et_pb_line_break_holder] -->[\/et_pb_code][\/et_pb_column][\/et_pb_row][et_pb_row _builder_version=&#8221;4.27.3&#8243; _module_preset=&#8221;default&#8221; global_colors_info=&#8221;{}&#8221;][et_pb_column type=&#8221;4_4&#8243; _builder_version=&#8221;4.27.3&#8243; _module_preset=&#8221;default&#8221; global_colors_info=&#8221;{}&#8221;][et_pb_blog fullwidth=&#8221;off&#8221; use_manual_excerpt=&#8221;off&#8221; show_author=&#8221;off&#8221; show_excerpt=&#8221;off&#8221; _builder_version=&#8221;4.27.3&#8243; _module_preset=&#8221;default&#8221; global_colors_info=&#8221;{}&#8221;][\/et_pb_blog][\/et_pb_column][\/et_pb_row][\/et_pb_section]<\/p>\n","protected":false},"excerpt":{"rendered":"<p>Blog<\/p>\n","protected":false},"author":1,"featured_media":0,"parent":0,"menu_order":0,"comment_status":"closed","ping_status":"closed","template":"","meta":{"_et_pb_use_builder":"on","_et_pb_old_content":"","_et_gb_content_width":"","footnotes":""},"class_list":["post-999","page","type-page","status-publish","hentry"],"yoast_head":"<!-- This site is optimized with the Yoast SEO plugin v25.9 - https:\/\/yoast.com\/wordpress\/plugins\/seo\/ -->\n<title>Blog - Copla<\/title>\n<meta name=\"robots\" content=\"index, follow, max-snippet:-1, max-image-preview:large, max-video-preview:-1\" \/>\n<link rel=\"canonical\" href=\"https:\/\/copla.io\/blog\/\" \/>\n<meta property=\"og:locale\" content=\"en_US\" \/>\n<meta property=\"og:type\" content=\"article\" \/>\n<meta property=\"og:title\" content=\"Blog - Copla\" \/>\n<meta property=\"og:description\" content=\"Blog\" \/>\n<meta property=\"og:url\" content=\"https:\/\/copla.io\/blog\/\" \/>\n<meta property=\"og:site_name\" content=\"Copla\" \/>\n<meta property=\"article:modified_time\" content=\"2025-03-27T12:13:52+00:00\" \/>\n<meta name=\"twitter:card\" content=\"summary_large_image\" \/>\n<meta name=\"twitter:label1\" content=\"Est. reading time\" \/>\n\t<meta name=\"twitter:data1\" content=\"2 minutes\" \/>\n<script type=\"application\/ld+json\" class=\"yoast-schema-graph\">{\"@context\":\"https:\/\/schema.org\",\"@graph\":[{\"@type\":\"WebPage\",\"@id\":\"https:\/\/copla.io\/blog\/\",\"url\":\"https:\/\/copla.io\/blog\/\",\"name\":\"Blog - Copla\",\"isPartOf\":{\"@id\":\"https:\/\/copla.io\/#website\"},\"datePublished\":\"2024-12-17T13:09:44+00:00\",\"dateModified\":\"2025-03-27T12:13:52+00:00\",\"breadcrumb\":{\"@id\":\"https:\/\/copla.io\/blog\/#breadcrumb\"},\"inLanguage\":\"en-US\",\"potentialAction\":[{\"@type\":\"ReadAction\",\"target\":[\"https:\/\/copla.io\/blog\/\"]}]},{\"@type\":\"BreadcrumbList\",\"@id\":\"https:\/\/copla.io\/blog\/#breadcrumb\",\"itemListElement\":[{\"@type\":\"ListItem\",\"position\":1,\"name\":\"Portada\",\"item\":\"https:\/\/copla.io\/\"},{\"@type\":\"ListItem\",\"position\":2,\"name\":\"Blog\"}]},{\"@type\":\"WebSite\",\"@id\":\"https:\/\/copla.io\/#website\",\"url\":\"https:\/\/copla.io\/\",\"name\":\"Copla\",\"description\":\"\",\"potentialAction\":[{\"@type\":\"SearchAction\",\"target\":{\"@type\":\"EntryPoint\",\"urlTemplate\":\"https:\/\/copla.io\/?s={search_term_string}\"},\"query-input\":{\"@type\":\"PropertyValueSpecification\",\"valueRequired\":true,\"valueName\":\"search_term_string\"}}],\"inLanguage\":\"en-US\"}]}<\/script>\n<!-- \/ Yoast SEO plugin. -->","yoast_head_json":{"title":"Blog - Copla","robots":{"index":"index","follow":"follow","max-snippet":"max-snippet:-1","max-image-preview":"max-image-preview:large","max-video-preview":"max-video-preview:-1"},"canonical":"https:\/\/copla.io\/blog\/","og_locale":"en_US","og_type":"article","og_title":"Blog - Copla","og_description":"Blog","og_url":"https:\/\/copla.io\/blog\/","og_site_name":"Copla","article_modified_time":"2025-03-27T12:13:52+00:00","twitter_card":"summary_large_image","twitter_misc":{"Est. reading time":"2 minutes"},"schema":{"@context":"https:\/\/schema.org","@graph":[{"@type":"WebPage","@id":"https:\/\/copla.io\/blog\/","url":"https:\/\/copla.io\/blog\/","name":"Blog - Copla","isPartOf":{"@id":"https:\/\/copla.io\/#website"},"datePublished":"2024-12-17T13:09:44+00:00","dateModified":"2025-03-27T12:13:52+00:00","breadcrumb":{"@id":"https:\/\/copla.io\/blog\/#breadcrumb"},"inLanguage":"en-US","potentialAction":[{"@type":"ReadAction","target":["https:\/\/copla.io\/blog\/"]}]},{"@type":"BreadcrumbList","@id":"https:\/\/copla.io\/blog\/#breadcrumb","itemListElement":[{"@type":"ListItem","position":1,"name":"Portada","item":"https:\/\/copla.io\/"},{"@type":"ListItem","position":2,"name":"Blog"}]},{"@type":"WebSite","@id":"https:\/\/copla.io\/#website","url":"https:\/\/copla.io\/","name":"Copla","description":"","potentialAction":[{"@type":"SearchAction","target":{"@type":"EntryPoint","urlTemplate":"https:\/\/copla.io\/?s={search_term_string}"},"query-input":{"@type":"PropertyValueSpecification","valueRequired":true,"valueName":"search_term_string"}}],"inLanguage":"en-US"}]}},"_links":{"self":[{"href":"https:\/\/copla.io\/en\/wp-json\/wp\/v2\/pages\/999","targetHints":{"allow":["GET"]}}],"collection":[{"href":"https:\/\/copla.io\/en\/wp-json\/wp\/v2\/pages"}],"about":[{"href":"https:\/\/copla.io\/en\/wp-json\/wp\/v2\/types\/page"}],"author":[{"embeddable":true,"href":"https:\/\/copla.io\/en\/wp-json\/wp\/v2\/users\/1"}],"replies":[{"embeddable":true,"href":"https:\/\/copla.io\/en\/wp-json\/wp\/v2\/comments?post=999"}],"version-history":[{"count":1,"href":"https:\/\/copla.io\/en\/wp-json\/wp\/v2\/pages\/999\/revisions"}],"predecessor-version":[{"id":1001,"href":"https:\/\/copla.io\/en\/wp-json\/wp\/v2\/pages\/999\/revisions\/1001"}],"wp:attachment":[{"href":"https:\/\/copla.io\/en\/wp-json\/wp\/v2\/media?parent=999"}],"curies":[{"name":"wp","href":"https:\/\/api.w.org\/{rel}","templated":true}]}}